{"id":1892,"date":"2020-03-13T06:18:41","date_gmt":"2020-03-13T06:18:41","guid":{"rendered":"http:\/\/demo.wpsmartapps.com\/manual\/three\/?page_id=1892"},"modified":"2023-02-01T13:47:59","modified_gmt":"2023-02-01T13:47:59","slug":"home-landing","status":"publish","type":"page","link":"https:\/\/capturly.com\/guides\/","title":{"rendered":"Home Landing"},"content":{"rendered":"\t\t<div data-elementor-type=\"wp-page\" data-elementor-id=\"1892\" class=\"elementor elementor-1892\">\n\t\t\t\t\t\t\t\t\t<section class=\"elementor-section elementor-top-section elementor-element elementor-element-5b5b4a85 elementor-section-boxed elementor-section-height-default elementor-section-height-default\" data-id=\"5b5b4a85\" data-element_type=\"section\">\n\t\t\t\t\t\t<div class=\"elementor-container elementor-column-gap-default\">\n\t\t\t\t\t<div class=\"elementor-column elementor-col-100 elementor-top-column elementor-element elementor-element-6a12d818\" data-id=\"6a12d818\" data-element_type=\"column\">\n\t\t\t<div class=\"elementor-widget-wrap elementor-element-populated\">\n\t\t\t\t\t\t\t\t<div class=\"elementor-element elementor-element-64f3697f elementor-widget elementor-widget-heading\" data-id=\"64f3697f\" data-element_type=\"widget\" data-widget_type=\"heading.default\">\n\t\t\t\t<div class=\"elementor-widget-container\">\n\t\t\t<style>\/*! elementor - v3.10.0 - 09-01-2023 *\/\n.elementor-heading-title{padding:0;margin:0;line-height:1}.elementor-widget-heading .elementor-heading-title[class*=elementor-size-]>a{color:inherit;font-size:inherit;line-height:inherit}.elementor-widget-heading .elementor-heading-title.elementor-size-small{font-size:15px}.elementor-widget-heading .elementor-heading-title.elementor-size-medium{font-size:19px}.elementor-widget-heading .elementor-heading-title.elementor-size-large{font-size:29px}.elementor-widget-heading .elementor-heading-title.elementor-size-xl{font-size:39px}.elementor-widget-heading .elementor-heading-title.elementor-size-xxl{font-size:59px}<\/style><h2 class=\"elementor-heading-title elementor-size-default\">Learn Everything About Website Analytics<\/h2>\t\t<\/div>\n\t\t\t\t<\/div>\n\t\t\t\t<div class=\"elementor-element elementor-element-58e706c9 elementor-widget elementor-widget-text-editor\" data-id=\"58e706c9\" data-element_type=\"widget\" data-widget_type=\"text-editor.default\">\n\t\t\t\t<div class=\"elementor-widget-container\">\n\t\t\t<style>\/*! elementor - v3.10.0 - 09-01-2023 *\/\n.elementor-widget-text-editor.elementor-drop-cap-view-stacked .elementor-drop-cap{background-color:#818a91;color:#fff}.elementor-widget-text-editor.elementor-drop-cap-view-framed .elementor-drop-cap{color:#818a91;border:3px solid;background-color:transparent}.elementor-widget-text-editor:not(.elementor-drop-cap-view-default) .elementor-drop-cap{margin-top:8px}.elementor-widget-text-editor:not(.elementor-drop-cap-view-default) .elementor-drop-cap-letter{width:1em;height:1em}.elementor-widget-text-editor .elementor-drop-cap{float:left;text-align:center;line-height:1;font-size:50px}.elementor-widget-text-editor .elementor-drop-cap-letter{display:inline-block}<\/style>\t\t\t\t<p><span style=\"font-weight: 400;\">Get to know evertyhing from the basics to the advanced analytics!<\/span><\/p>\t\t\t\t\t\t<\/div>\n\t\t\t\t<\/div>\n\t\t\t\t\t<\/div>\n\t\t<\/div>\n\t\t\t\t\t\t\t<\/div>\n\t\t<\/section>\n\t\t\t\t<section class=\"elementor-section elementor-top-section elementor-element elementor-element-6e2548b elementor-section-boxed elementor-section-height-default elementor-section-height-default\" data-id=\"6e2548b\" data-element_type=\"section\">\n\t\t\t\t\t\t<div class=\"elementor-container elementor-column-gap-default\">\n\t\t\t\t\t<div class=\"elementor-column elementor-col-33 elementor-top-column elementor-element elementor-element-1f23c03\" data-id=\"1f23c03\" data-element_type=\"column\">\n\t\t\t<div class=\"elementor-widget-wrap elementor-element-populated\">\n\t\t\t\t\t\t\t\t<div class=\"elementor-element elementor-element-06f66b4 elementor-widget elementor-widget-image\" data-id=\"06f66b4\" data-element_type=\"widget\" data-widget_type=\"image.default\">\n\t\t\t\t<div class=\"elementor-widget-container\">\n\t\t\t<style>\/*! elementor - v3.10.0 - 09-01-2023 *\/\n.elementor-widget-image{text-align:center}.elementor-widget-image a{display:inline-block}.elementor-widget-image a img[src$=\".svg\"]{width:48px}.elementor-widget-image img{vertical-align:middle;display:inline-block}<\/style>\t\t\t\t\t\t\t\t\t\t\t\t\t<a href=\"https:\/\/capturly.com\/guides\/ultimate-guide-to-heatmaps-everything-you-need-to-know-about-website-heatmaps\/\">\n\t\t\t\t\t\t\t<img decoding=\"async\" width=\"2560\" height=\"1707\" src=\"https:\/\/capturly.com\/guides\/wp-content\/uploads\/2022\/12\/heatmap-scaled.jpg\" class=\"attachment-full size-full wp-image-2592\" alt=\"What are heatmaps?\" srcset=\"https:\/\/capturly.com\/guides\/wp-content\/uploads\/2022\/12\/heatmap-scaled.jpg 2560w, https:\/\/capturly.com\/guides\/wp-content\/uploads\/2022\/12\/heatmap-300x200.jpg 300w, https:\/\/capturly.com\/guides\/wp-content\/uploads\/2022\/12\/heatmap-1024x683.jpg 1024w, https:\/\/capturly.com\/guides\/wp-content\/uploads\/2022\/12\/heatmap-768x512.jpg 768w, https:\/\/capturly.com\/guides\/wp-content\/uploads\/2022\/12\/heatmap-1536x1024.jpg 1536w, https:\/\/capturly.com\/guides\/wp-content\/uploads\/2022\/12\/heatmap-2048x1365.jpg 2048w\" sizes=\"(max-width: 2560px) 100vw, 2560px\" \/>\t\t\t\t\t\t\t\t<\/a>\n\t\t\t\t\t\t\t\t\t\t\t\t\t\t\t<\/div>\n\t\t\t\t<\/div>\n\t\t\t\t<div class=\"elementor-element elementor-element-91588ee elementor-widget elementor-widget-heading\" data-id=\"91588ee\" data-element_type=\"widget\" data-widget_type=\"heading.default\">\n\t\t\t\t<div class=\"elementor-widget-container\">\n\t\t\t<h3 class=\"elementor-heading-title elementor-size-default\"><a href=\"https:\/\/capturly.com\/guides\/ultimate-guide-to-heatmaps-everything-you-need-to-know-about-website-heatmaps\/\">Ultimate Guide To Heatmaps: From The Basics To The Advanced Analytics<\/a><\/h3>\t\t<\/div>\n\t\t\t\t<\/div>\n\t\t\t\t<div class=\"elementor-element elementor-element-41c15a2 elementor-widget elementor-widget-heading\" data-id=\"41c15a2\" data-element_type=\"widget\" data-widget_type=\"heading.default\">\n\t\t\t\t<div class=\"elementor-widget-container\">\n\t\t\t<p class=\"elementor-heading-title elementor-size-default\"><a href=\"https:\/\/capturly.com\/guides\/ultimate-guide-to-heatmaps-everything-you-need-to-know-about-website-heatmaps\/\">In this article, you\u2019ll find everything you need to know about heatmaps, starting from the basics to the advanced usage of heatmaps. We\u2019ll guide you through how to create, read and analyze different types of heatmaps.<\/a><\/p>\t\t<\/div>\n\t\t\t\t<\/div>\n\t\t\t\t<div class=\"elementor-element elementor-element-648b445 elementor-widget elementor-widget-button\" data-id=\"648b445\" data-element_type=\"widget\" data-widget_type=\"button.default\">\n\t\t\t\t<div class=\"elementor-widget-container\">\n\t\t\t\t\t<div class=\"elementor-button-wrapper\">\n\t\t\t<a href=\"https:\/\/capturly.com\/guides\/ultimate-guide-to-heatmaps-everything-you-need-to-know-about-website-heatmaps\/\" class=\"elementor-button-link elementor-button elementor-size-sm\" role=\"button\">\n\t\t\t\t\t\t<span class=\"elementor-button-content-wrapper\">\n\t\t\t\t\t\t<span class=\"elementor-button-text\">READ MORE<\/span>\n\t\t<\/span>\n\t\t\t\t\t<\/a>\n\t\t<\/div>\n\t\t\t\t<\/div>\n\t\t\t\t<\/div>\n\t\t\t\t\t<\/div>\n\t\t<\/div>\n\t\t\t\t<div class=\"elementor-column elementor-col-33 elementor-top-column elementor-element elementor-element-fc9c176\" data-id=\"fc9c176\" data-element_type=\"column\">\n\t\t\t<div class=\"elementor-widget-wrap elementor-element-populated\">\n\t\t\t\t\t\t\t\t<div class=\"elementor-element elementor-element-21fcb04 elementor-widget elementor-widget-image\" data-id=\"21fcb04\" data-element_type=\"widget\" data-widget_type=\"image.default\">\n\t\t\t\t<div class=\"elementor-widget-container\">\n\t\t\t\t\t\t\t\t\t\t\t\t\t\t\t\t<a href=\"https:\/\/capturly.com\/guides\/the-basics-of-session-replays\/\">\n\t\t\t\t\t\t\t<img decoding=\"async\" width=\"2560\" height=\"1707\" src=\"https:\/\/capturly.com\/guides\/wp-content\/uploads\/2022\/12\/session-replay-scaled.jpg\" class=\"attachment-full size-full wp-image-2609\" alt=\"What are session recordings\" srcset=\"https:\/\/capturly.com\/guides\/wp-content\/uploads\/2022\/12\/session-replay-scaled.jpg 2560w, https:\/\/capturly.com\/guides\/wp-content\/uploads\/2022\/12\/session-replay-300x200.jpg 300w, https:\/\/capturly.com\/guides\/wp-content\/uploads\/2022\/12\/session-replay-1024x683.jpg 1024w, https:\/\/capturly.com\/guides\/wp-content\/uploads\/2022\/12\/session-replay-768x512.jpg 768w, https:\/\/capturly.com\/guides\/wp-content\/uploads\/2022\/12\/session-replay-1536x1024.jpg 1536w, https:\/\/capturly.com\/guides\/wp-content\/uploads\/2022\/12\/session-replay-2048x1366.jpg 2048w\" sizes=\"(max-width: 2560px) 100vw, 2560px\" \/>\t\t\t\t\t\t\t\t<\/a>\n\t\t\t\t\t\t\t\t\t\t\t\t\t\t\t<\/div>\n\t\t\t\t<\/div>\n\t\t\t\t<div class=\"elementor-element elementor-element-3eb8c1c elementor-widget elementor-widget-heading\" data-id=\"3eb8c1c\" data-element_type=\"widget\" data-widget_type=\"heading.default\">\n\t\t\t\t<div class=\"elementor-widget-container\">\n\t\t\t<h3 class=\"elementor-heading-title elementor-size-default\"><a href=\"https:\/\/capturly.com\/guides\/the-basics-of-session-replays\/\">Everything You Need To Know About Session Replays<\/a><\/h3>\t\t<\/div>\n\t\t\t\t<\/div>\n\t\t\t\t<div class=\"elementor-element elementor-element-5480789 elementor-widget elementor-widget-heading\" data-id=\"5480789\" data-element_type=\"widget\" data-widget_type=\"heading.default\">\n\t\t\t\t<div class=\"elementor-widget-container\">\n\t\t\t<p class=\"elementor-heading-title elementor-size-default\"><a href=\"https:\/\/capturly.com\/guides\/the-basics-of-session-replays\/\">Session replays are basically video recordings of user interactions on your site. With them, you can get an insight into user behavior, and by analyzing them you can optimize your conversion rate and focus on user retention.<\/a><\/p>\t\t<\/div>\n\t\t\t\t<\/div>\n\t\t\t\t<div class=\"elementor-element elementor-element-95821bf elementor-widget elementor-widget-button\" data-id=\"95821bf\" data-element_type=\"widget\" data-widget_type=\"button.default\">\n\t\t\t\t<div class=\"elementor-widget-container\">\n\t\t\t\t\t<div class=\"elementor-button-wrapper\">\n\t\t\t<a href=\"https:\/\/capturly.com\/guides\/the-basics-of-session-replays\/\" class=\"elementor-button-link elementor-button elementor-size-sm\" role=\"button\">\n\t\t\t\t\t\t<span class=\"elementor-button-content-wrapper\">\n\t\t\t\t\t\t<span class=\"elementor-button-text\">READ MORE<\/span>\n\t\t<\/span>\n\t\t\t\t\t<\/a>\n\t\t<\/div>\n\t\t\t\t<\/div>\n\t\t\t\t<\/div>\n\t\t\t\t\t<\/div>\n\t\t<\/div>\n\t\t\t\t<div class=\"elementor-column elementor-col-33 elementor-top-column elementor-element elementor-element-e6c239e\" data-id=\"e6c239e\" data-element_type=\"column\">\n\t\t\t<div class=\"elementor-widget-wrap elementor-element-populated\">\n\t\t\t\t\t\t\t\t<div class=\"elementor-element elementor-element-088574d elementor-widget elementor-widget-image\" data-id=\"088574d\" data-element_type=\"widget\" data-widget_type=\"image.default\">\n\t\t\t\t<div class=\"elementor-widget-container\">\n\t\t\t\t\t\t\t\t\t\t\t\t\t\t\t\t<a href=\"https:\/\/capturly.com\/guides\/the-basics-of-conversion-rate-optimization\/\">\n\t\t\t\t\t\t\t<img decoding=\"async\" width=\"2560\" height=\"1853\" src=\"https:\/\/capturly.com\/guides\/wp-content\/uploads\/2022\/12\/conversion-funnel-scaled.jpg\" class=\"attachment-full size-full wp-image-2608\" alt=\"Everything about conversion funnels\" srcset=\"https:\/\/capturly.com\/guides\/wp-content\/uploads\/2022\/12\/conversion-funnel-scaled.jpg 2560w, https:\/\/capturly.com\/guides\/wp-content\/uploads\/2022\/12\/conversion-funnel-300x217.jpg 300w, https:\/\/capturly.com\/guides\/wp-content\/uploads\/2022\/12\/conversion-funnel-1024x741.jpg 1024w, https:\/\/capturly.com\/guides\/wp-content\/uploads\/2022\/12\/conversion-funnel-768x556.jpg 768w, https:\/\/capturly.com\/guides\/wp-content\/uploads\/2022\/12\/conversion-funnel-1536x1112.jpg 1536w, https:\/\/capturly.com\/guides\/wp-content\/uploads\/2022\/12\/conversion-funnel-2048x1482.jpg 2048w\" sizes=\"(max-width: 2560px) 100vw, 2560px\" \/>\t\t\t\t\t\t\t\t<\/a>\n\t\t\t\t\t\t\t\t\t\t\t\t\t\t\t<\/div>\n\t\t\t\t<\/div>\n\t\t\t\t<div class=\"elementor-element elementor-element-96d544f elementor-widget elementor-widget-heading\" data-id=\"96d544f\" data-element_type=\"widget\" data-widget_type=\"heading.default\">\n\t\t\t\t<div class=\"elementor-widget-container\">\n\t\t\t<h3 class=\"elementor-heading-title elementor-size-default\"><a href=\"https:\/\/capturly.com\/guides\/the-basics-of-conversion-rate-optimization\/\">From The Conversion Rate Optimization To The Conversion Funnel Analysis<\/a><\/h3>\t\t<\/div>\n\t\t\t\t<\/div>\n\t\t\t\t<div class=\"elementor-element elementor-element-405ebdb elementor-widget elementor-widget-heading\" data-id=\"405ebdb\" data-element_type=\"widget\" data-widget_type=\"heading.default\">\n\t\t\t\t<div class=\"elementor-widget-container\">\n\t\t\t<p class=\"elementor-heading-title elementor-size-default\"><a href=\"https:\/\/capturly.com\/guides\/the-basics-of-conversion-rate-optimization\/\">Conversion rate optimization is a crucial process for every website starting from lead generation to increasing the number of users who make a purchase i.e. through the whole conversion funnel.<\/a><\/p>\t\t<\/div>\n\t\t\t\t<\/div>\n\t\t\t\t<div class=\"elementor-element elementor-element-25687fe elementor-widget elementor-widget-button\" data-id=\"25687fe\" data-element_type=\"widget\" data-widget_type=\"button.default\">\n\t\t\t\t<div class=\"elementor-widget-container\">\n\t\t\t\t\t<div class=\"elementor-button-wrapper\">\n\t\t\t<a href=\"https:\/\/capturly.com\/guides\/the-basics-of-conversion-rate-optimization\/\" class=\"elementor-button-link elementor-button elementor-size-sm\" role=\"button\">\n\t\t\t\t\t\t<span class=\"elementor-button-content-wrapper\">\n\t\t\t\t\t\t<span class=\"elementor-button-text\">READ MORE<\/span>\n\t\t<\/span>\n\t\t\t\t\t<\/a>\n\t\t<\/div>\n\t\t\t\t<\/div>\n\t\t\t\t<\/div>\n\t\t\t\t\t<\/div>\n\t\t<\/div>\n\t\t\t\t\t\t\t<\/div>\n\t\t<\/section>\n\t\t\t\t\t\t\t<\/div>\n\t\t","protected":false},"excerpt":{"rendered":"<p>Learn Everything About Website Analytics Get to know evertyhing from the basics to the advanced analytics! Ultimate Guide To Heatmaps: From The Basics To The Advanced Analytics In this article, you\u2019ll find everything you need to know about heatmaps, starting from the basics to the advanced usage of heatmaps. We\u2019ll guide you through how to [&hellip;]<\/p>\n","protected":false},"author":6,"featured_media":0,"parent":0,"menu_order":0,"comment_status":"closed","ping_status":"closed","template":"elementor_header_footer","meta":{"footnotes":""},"class_list":["post-1892","page","type-page","status-publish","hentry"],"yoast_head":"<!-- This site is optimized with the Yoast SEO plugin v19.14 - https:\/\/yoast.com\/wordpress\/plugins\/seo\/ -->\n<title>Capturly Guides - Learn How to Optimize Your Website&#039;s Performance<\/title>\n<meta name=\"description\" content=\"Discover the secrets to improving your website&#039;s user experience and conversion rates with Capturly&#039;s comprehensive guides.\" \/>\n<meta name=\"robots\" content=\"index, follow, max-snippet:-1, max-image-preview:large, max-video-preview:-1\" \/>\n<link rel=\"canonical\" href=\"https:\/\/capturly.com\/guides\/\" \/>\n<meta property=\"og:locale\" content=\"hu_HU\" \/>\n<meta property=\"og:type\" content=\"article\" \/>\n<meta property=\"og:title\" content=\"Capturly Guides - Learn How to Optimize Your Website&#039;s Performance\" \/>\n<meta property=\"og:description\" content=\"Discover the secrets to improving your website&#039;s user experience and conversion rates with Capturly&#039;s comprehensive guides.\" \/>\n<meta property=\"og:url\" content=\"https:\/\/capturly.com\/guides\/\" \/>\n<meta property=\"og:site_name\" content=\"Capturly Guides\" \/>\n<meta property=\"article:modified_time\" content=\"2023-02-01T13:47:59+00:00\" \/>\n<meta property=\"og:image\" content=\"https:\/\/capturly.com\/guides\/wp-content\/uploads\/2022\/12\/heatmap-scaled.jpg\" \/>\n<meta name=\"twitter:card\" content=\"summary_large_image\" \/>\n<meta name=\"twitter:label1\" content=\"Becs\u00fclt olvas\u00e1si id\u0151\" \/>\n\t<meta name=\"twitter:data1\" content=\"2 perc\" \/>\n<script type=\"application\/ld+json\" class=\"yoast-schema-graph\">{\"@context\":\"https:\/\/schema.org\",\"@graph\":[{\"@type\":\"WebPage\",\"@id\":\"https:\/\/capturly.com\/guides\/\",\"url\":\"https:\/\/capturly.com\/guides\/\",\"name\":\"Capturly Guides - Learn How to Optimize Your Website's Performance\",\"isPartOf\":{\"@id\":\"https:\/\/capturly.com\/guides\/#website\"},\"datePublished\":\"2020-03-13T06:18:41+00:00\",\"dateModified\":\"2023-02-01T13:47:59+00:00\",\"description\":\"Discover the secrets to improving your website's user experience and conversion rates with Capturly's comprehensive guides.\",\"breadcrumb\":{\"@id\":\"https:\/\/capturly.com\/guides\/#breadcrumb\"},\"inLanguage\":\"hu\",\"potentialAction\":[{\"@type\":\"ReadAction\",\"target\":[\"https:\/\/capturly.com\/guides\/\"]}]},{\"@type\":\"BreadcrumbList\",\"@id\":\"https:\/\/capturly.com\/guides\/#breadcrumb\",\"itemListElement\":[{\"@type\":\"ListItem\",\"position\":1,\"name\":\"Kezd\u0151lap\",\"item\":\"https:\/\/capturly.com\/guides\/\"},{\"@type\":\"ListItem\",\"position\":2,\"name\":\"Home Landing\"}]},{\"@type\":\"WebSite\",\"@id\":\"https:\/\/capturly.com\/guides\/#website\",\"url\":\"https:\/\/capturly.com\/guides\/\",\"name\":\"Capturly Guides\",\"description\":\"\",\"potentialAction\":[{\"@type\":\"SearchAction\",\"target\":{\"@type\":\"EntryPoint\",\"urlTemplate\":\"https:\/\/capturly.com\/guides\/?s={search_term_string}\"},\"query-input\":\"required name=search_term_string\"}],\"inLanguage\":\"hu\"}]}<\/script>\n<!-- \/ Yoast SEO plugin. -->","yoast_head_json":{"title":"Capturly Guides - Learn How to Optimize Your Website's Performance","description":"Discover the secrets to improving your website's user experience and conversion rates with Capturly's comprehensive guides.","robots":{"index":"index","follow":"follow","max-snippet":"max-snippet:-1","max-image-preview":"max-image-preview:large","max-video-preview":"max-video-preview:-1"},"canonical":"https:\/\/capturly.com\/guides\/","og_locale":"hu_HU","og_type":"article","og_title":"Capturly Guides - Learn How to Optimize Your Website's Performance","og_description":"Discover the secrets to improving your website's user experience and conversion rates with Capturly's comprehensive guides.","og_url":"https:\/\/capturly.com\/guides\/","og_site_name":"Capturly Guides","article_modified_time":"2023-02-01T13:47:59+00:00","og_image":[{"url":"https:\/\/capturly.com\/guides\/wp-content\/uploads\/2022\/12\/heatmap-scaled.jpg"}],"twitter_card":"summary_large_image","twitter_misc":{"Becs\u00fclt olvas\u00e1si id\u0151":"2 perc"},"schema":{"@context":"https:\/\/schema.org","@graph":[{"@type":"WebPage","@id":"https:\/\/capturly.com\/guides\/","url":"https:\/\/capturly.com\/guides\/","name":"Capturly Guides - Learn How to Optimize Your Website's Performance","isPartOf":{"@id":"https:\/\/capturly.com\/guides\/#website"},"datePublished":"2020-03-13T06:18:41+00:00","dateModified":"2023-02-01T13:47:59+00:00","description":"Discover the secrets to improving your website's user experience and conversion rates with Capturly's comprehensive guides.","breadcrumb":{"@id":"https:\/\/capturly.com\/guides\/#breadcrumb"},"inLanguage":"hu","potentialAction":[{"@type":"ReadAction","target":["https:\/\/capturly.com\/guides\/"]}]},{"@type":"BreadcrumbList","@id":"https:\/\/capturly.com\/guides\/#breadcrumb","itemListElement":[{"@type":"ListItem","position":1,"name":"Kezd\u0151lap","item":"https:\/\/capturly.com\/guides\/"},{"@type":"ListItem","position":2,"name":"Home Landing"}]},{"@type":"WebSite","@id":"https:\/\/capturly.com\/guides\/#website","url":"https:\/\/capturly.com\/guides\/","name":"Capturly Guides","description":"","potentialAction":[{"@type":"SearchAction","target":{"@type":"EntryPoint","urlTemplate":"https:\/\/capturly.com\/guides\/?s={search_term_string}"},"query-input":"required name=search_term_string"}],"inLanguage":"hu"}]}},"_links":{"self":[{"href":"https:\/\/capturly.com\/guides\/wp-json\/wp\/v2\/pages\/1892","targetHints":{"allow":["GET"]}}],"collection":[{"href":"https:\/\/capturly.com\/guides\/wp-json\/wp\/v2\/pages"}],"about":[{"href":"https:\/\/capturly.com\/guides\/wp-json\/wp\/v2\/types\/page"}],"author":[{"embeddable":true,"href":"https:\/\/capturly.com\/guides\/wp-json\/wp\/v2\/users\/6"}],"replies":[{"embeddable":true,"href":"https:\/\/capturly.com\/guides\/wp-json\/wp\/v2\/comments?post=1892"}],"version-history":[{"count":78,"href":"https:\/\/capturly.com\/guides\/wp-json\/wp\/v2\/pages\/1892\/revisions"}],"predecessor-version":[{"id":2804,"href":"https:\/\/capturly.com\/guides\/wp-json\/wp\/v2\/pages\/1892\/revisions\/2804"}],"wp:attachment":[{"href":"https:\/\/capturly.com\/guides\/wp-json\/wp\/v2\/media?parent=1892"}],"curies":[{"name":"wp","href":"https:\/\/api.w.org\/{rel}","templated":true}]}}